{"id":65,"date":"2024-05-15T06:49:27","date_gmt":"2024-05-15T06:49:27","guid":{"rendered":"https:\/\/onehealthbrasil.com\/?page_id=65"},"modified":"2024-05-15T06:50:13","modified_gmt":"2024-05-15T06:50:13","slug":"grupos-tematicos","status":"publish","type":"page","link":"https:\/\/onehealthbrasil.com\/?page_id=65","title":{"rendered":"GRUPOS TEM\u00c1TICOS"},"content":{"rendered":"\n<p>Tendo em vista a abrang\u00eancia do conceito de Sa\u00fade \u00danica, a ramifica\u00e7\u00e3o e cria\u00e7\u00e3o de grupos para o debate em \u00e1reas espec\u00edficas torna-se especialmente interessante. Assim sendo, listamos abaixo p\u00e1ginas de grupos relacionados \u00e0 tem\u00e1tica e, esperamos com isso, estimular a cria\u00e7\u00e3o e organiza\u00e7\u00e3o de novos ambientes para o aprofundamento e dissemina\u00e7\u00e3o do conceito de Sa\u00fade \u00danica.<\/p>\n\n\n\n<figure class=\"wp-block-image is-resized\"><img decoding=\"async\" src=\"https:\/\/web.archive.org\/web\/20221003235056im_\/https:\/\/onehealthbrasil.files.wordpress.com\/2022\/06\/saucc81de-ucc81nica1a-02.png?w=1024\" alt=\"\" class=\"wp-image-1914\" style=\"width:406px;height:auto\"\/><\/figure>\n\n\n\n<p><strong>Ecossistemas Aqu\u00e1ticos: Sa\u00fade animal, humana, vegetal e ambiental (ECOHA)<\/strong><\/p>\n\n\n\n<p>Rede multiprofissional e interdisciplinar de profissionais, estudantes e institui\u00e7\u00f5es envolvidos em iniciativas de Sa\u00fade \u00danica tendo como eixo central os ecossistemas aqu\u00e1ticos.<\/p>\n","protected":false},"excerpt":{"rendered":"<p>Tendo em vista a abrang\u00eancia do conceito de Sa\u00fade \u00danica, a ramifica\u00e7\u00e3o e cria\u00e7\u00e3o de grupos para o debate em \u00e1reas espec\u00edficas torna-se especialmente interessante. Assim sendo, listamos abaixo p\u00e1ginas de grupos relacionados \u00e0 tem\u00e1tica e, esperamos com isso, estimular a cria\u00e7\u00e3o e organiza\u00e7\u00e3o de novos ambientes para o aprofundamento e dissemina\u00e7\u00e3o do conceito de [&hellip;]<\/p>\n","protected":false},"author":1,"featured_media":0,"parent":0,"menu_order":0,"comment_status":"closed","ping_status":"closed","template":"","meta":{"footnotes":""},"class_list":["post-65","page","type-page","status-publish","hentry"],"yoast_head":"<!-- This site is optimized with the Yoast SEO plugin v27.4 - https:\/\/yoast.com\/product\/yoast-seo-wordpress\/ -->\n<title>GRUPOS TEM\u00c1TICOS - One Health Brasil<\/title>\n<meta name=\"robots\" content=\"index, follow, max-snippet:-1, max-image-preview:large, max-video-preview:-1\" \/>\n<link rel=\"canonical\" href=\"https:\/\/onehealthbrasil.com\/?page_id=65\" \/>\n<meta property=\"og:locale\" content=\"en_US\" \/>\n<meta property=\"og:type\" content=\"article\" \/>\n<meta property=\"og:title\" content=\"GRUPOS TEM\u00c1TICOS - One Health Brasil\" \/>\n<meta property=\"og:description\" content=\"Tendo em vista a abrang\u00eancia do conceito de Sa\u00fade \u00danica, a ramifica\u00e7\u00e3o e cria\u00e7\u00e3o de grupos para o debate em \u00e1reas espec\u00edficas torna-se especialmente interessante. Assim sendo, listamos abaixo p\u00e1ginas de grupos relacionados \u00e0 tem\u00e1tica e, esperamos com isso, estimular a cria\u00e7\u00e3o e organiza\u00e7\u00e3o de novos ambientes para o aprofundamento e dissemina\u00e7\u00e3o do conceito de [&hellip;]\" \/>\n<meta property=\"og:url\" content=\"https:\/\/onehealthbrasil.com\/?page_id=65\" \/>\n<meta property=\"og:site_name\" content=\"One Health Brasil\" \/>\n<meta property=\"article:modified_time\" content=\"2024-05-15T06:50:13+00:00\" \/>\n<meta property=\"og:image\" content=\"https:\/\/web.archive.org\/web\/20221003235056im_\/https:\/\/onehealthbrasil.files.wordpress.com\/2022\/06\/saucc81de-ucc81nica1a-02.png?w=1024\" \/>\n<meta name=\"twitter:card\" content=\"summary_large_image\" \/>\n<meta name=\"twitter:label1\" content=\"Est. reading time\" \/>\n\t<meta name=\"twitter:data1\" content=\"1 minute\" \/>\n<script type=\"application\/ld+json\" class=\"yoast-schema-graph\">{\"@context\":\"https:\\\/\\\/schema.org\",\"@graph\":[{\"@type\":\"WebPage\",\"@id\":\"https:\\\/\\\/onehealthbrasil.com\\\/?page_id=65\",\"url\":\"https:\\\/\\\/onehealthbrasil.com\\\/?page_id=65\",\"name\":\"GRUPOS TEM\u00c1TICOS - One Health Brasil\",\"isPartOf\":{\"@id\":\"https:\\\/\\\/onehealthbrasil.com\\\/#website\"},\"primaryImageOfPage\":{\"@id\":\"https:\\\/\\\/onehealthbrasil.com\\\/?page_id=65#primaryimage\"},\"image\":{\"@id\":\"https:\\\/\\\/onehealthbrasil.com\\\/?page_id=65#primaryimage\"},\"thumbnailUrl\":\"https:\\\/\\\/web.archive.org\\\/web\\\/20221003235056im_\\\/https:\\\/\\\/onehealthbrasil.files.wordpress.com\\\/2022\\\/06\\\/saucc81de-ucc81nica1a-02.png?w=1024\",\"datePublished\":\"2024-05-15T06:49:27+00:00\",\"dateModified\":\"2024-05-15T06:50:13+00:00\",\"breadcrumb\":{\"@id\":\"https:\\\/\\\/onehealthbrasil.com\\\/?page_id=65#breadcrumb\"},\"inLanguage\":\"en-US\",\"potentialAction\":[{\"@type\":\"ReadAction\",\"target\":[\"https:\\\/\\\/onehealthbrasil.com\\\/?page_id=65\"]}]},{\"@type\":\"ImageObject\",\"inLanguage\":\"en-US\",\"@id\":\"https:\\\/\\\/onehealthbrasil.com\\\/?page_id=65#primaryimage\",\"url\":\"https:\\\/\\\/web.archive.org\\\/web\\\/20221003235056im_\\\/https:\\\/\\\/onehealthbrasil.files.wordpress.com\\\/2022\\\/06\\\/saucc81de-ucc81nica1a-02.png?w=1024\",\"contentUrl\":\"https:\\\/\\\/web.archive.org\\\/web\\\/20221003235056im_\\\/https:\\\/\\\/onehealthbrasil.files.wordpress.com\\\/2022\\\/06\\\/saucc81de-ucc81nica1a-02.png?w=1024\"},{\"@type\":\"BreadcrumbList\",\"@id\":\"https:\\\/\\\/onehealthbrasil.com\\\/?page_id=65#breadcrumb\",\"itemListElement\":[{\"@type\":\"ListItem\",\"position\":1,\"name\":\"Home\",\"item\":\"https:\\\/\\\/onehealthbrasil.com\\\/\"},{\"@type\":\"ListItem\",\"position\":2,\"name\":\"GRUPOS TEM\u00c1TICOS\"}]},{\"@type\":\"WebSite\",\"@id\":\"https:\\\/\\\/onehealthbrasil.com\\\/#website\",\"url\":\"https:\\\/\\\/onehealthbrasil.com\\\/\",\"name\":\"One Health Brasil\",\"description\":\"Integrando Sa\u00fade Humana, Animal e Ambiental para um Futuro Sustent\u00e1vel\",\"potentialAction\":[{\"@type\":\"SearchAction\",\"target\":{\"@type\":\"EntryPoint\",\"urlTemplate\":\"https:\\\/\\\/onehealthbrasil.com\\\/?s={search_term_string}\"},\"query-input\":{\"@type\":\"PropertyValueSpecification\",\"valueRequired\":true,\"valueName\":\"search_term_string\"}}],\"inLanguage\":\"en-US\"}]}<\/script>\n<!-- \/ Yoast SEO plugin. -->","yoast_head_json":{"title":"GRUPOS TEM\u00c1TICOS - One Health Brasil","robots":{"index":"index","follow":"follow","max-snippet":"max-snippet:-1","max-image-preview":"max-image-preview:large","max-video-preview":"max-video-preview:-1"},"canonical":"https:\/\/onehealthbrasil.com\/?page_id=65","og_locale":"en_US","og_type":"article","og_title":"GRUPOS TEM\u00c1TICOS - One Health Brasil","og_description":"Tendo em vista a abrang\u00eancia do conceito de Sa\u00fade \u00danica, a ramifica\u00e7\u00e3o e cria\u00e7\u00e3o de grupos para o debate em \u00e1reas espec\u00edficas torna-se especialmente interessante. Assim sendo, listamos abaixo p\u00e1ginas de grupos relacionados \u00e0 tem\u00e1tica e, esperamos com isso, estimular a cria\u00e7\u00e3o e organiza\u00e7\u00e3o de novos ambientes para o aprofundamento e dissemina\u00e7\u00e3o do conceito de [&hellip;]","og_url":"https:\/\/onehealthbrasil.com\/?page_id=65","og_site_name":"One Health Brasil","article_modified_time":"2024-05-15T06:50:13+00:00","og_image":[{"url":"https:\/\/web.archive.org\/web\/20221003235056im_\/https:\/\/onehealthbrasil.files.wordpress.com\/2022\/06\/saucc81de-ucc81nica1a-02.png?w=1024","type":"","width":"","height":""}],"twitter_card":"summary_large_image","twitter_misc":{"Est. reading time":"1 minute"},"schema":{"@context":"https:\/\/schema.org","@graph":[{"@type":"WebPage","@id":"https:\/\/onehealthbrasil.com\/?page_id=65","url":"https:\/\/onehealthbrasil.com\/?page_id=65","name":"GRUPOS TEM\u00c1TICOS - One Health Brasil","isPartOf":{"@id":"https:\/\/onehealthbrasil.com\/#website"},"primaryImageOfPage":{"@id":"https:\/\/onehealthbrasil.com\/?page_id=65#primaryimage"},"image":{"@id":"https:\/\/onehealthbrasil.com\/?page_id=65#primaryimage"},"thumbnailUrl":"https:\/\/web.archive.org\/web\/20221003235056im_\/https:\/\/onehealthbrasil.files.wordpress.com\/2022\/06\/saucc81de-ucc81nica1a-02.png?w=1024","datePublished":"2024-05-15T06:49:27+00:00","dateModified":"2024-05-15T06:50:13+00:00","breadcrumb":{"@id":"https:\/\/onehealthbrasil.com\/?page_id=65#breadcrumb"},"inLanguage":"en-US","potentialAction":[{"@type":"ReadAction","target":["https:\/\/onehealthbrasil.com\/?page_id=65"]}]},{"@type":"ImageObject","inLanguage":"en-US","@id":"https:\/\/onehealthbrasil.com\/?page_id=65#primaryimage","url":"https:\/\/web.archive.org\/web\/20221003235056im_\/https:\/\/onehealthbrasil.files.wordpress.com\/2022\/06\/saucc81de-ucc81nica1a-02.png?w=1024","contentUrl":"https:\/\/web.archive.org\/web\/20221003235056im_\/https:\/\/onehealthbrasil.files.wordpress.com\/2022\/06\/saucc81de-ucc81nica1a-02.png?w=1024"},{"@type":"BreadcrumbList","@id":"https:\/\/onehealthbrasil.com\/?page_id=65#breadcrumb","itemListElement":[{"@type":"ListItem","position":1,"name":"Home","item":"https:\/\/onehealthbrasil.com\/"},{"@type":"ListItem","position":2,"name":"GRUPOS TEM\u00c1TICOS"}]},{"@type":"WebSite","@id":"https:\/\/onehealthbrasil.com\/#website","url":"https:\/\/onehealthbrasil.com\/","name":"One Health Brasil","description":"Integrando Sa\u00fade Humana, Animal e Ambiental para um Futuro Sustent\u00e1vel","potentialAction":[{"@type":"SearchAction","target":{"@type":"EntryPoint","urlTemplate":"https:\/\/onehealthbrasil.com\/?s={search_term_string}"},"query-input":{"@type":"PropertyValueSpecification","valueRequired":true,"valueName":"search_term_string"}}],"inLanguage":"en-US"}]}},"_links":{"self":[{"href":"https:\/\/onehealthbrasil.com\/index.php?rest_route=\/wp\/v2\/pages\/65","targetHints":{"allow":["GET"]}}],"collection":[{"href":"https:\/\/onehealthbrasil.com\/index.php?rest_route=\/wp\/v2\/pages"}],"about":[{"href":"https:\/\/onehealthbrasil.com\/index.php?rest_route=\/wp\/v2\/types\/page"}],"author":[{"embeddable":true,"href":"https:\/\/onehealthbrasil.com\/index.php?rest_route=\/wp\/v2\/users\/1"}],"replies":[{"embeddable":true,"href":"https:\/\/onehealthbrasil.com\/index.php?rest_route=%2Fwp%2Fv2%2Fcomments&post=65"}],"version-history":[{"count":2,"href":"https:\/\/onehealthbrasil.com\/index.php?rest_route=\/wp\/v2\/pages\/65\/revisions"}],"predecessor-version":[{"id":67,"href":"https:\/\/onehealthbrasil.com\/index.php?rest_route=\/wp\/v2\/pages\/65\/revisions\/67"}],"wp:attachment":[{"href":"https:\/\/onehealthbrasil.com\/index.php?rest_route=%2Fwp%2Fv2%2Fmedia&parent=65"}],"curies":[{"name":"wp","href":"https:\/\/api.w.org\/{rel}","templated":true}]}}